{"id":15103,"date":"2025-01-13T08:03:59","date_gmt":"2025-01-13T08:03:59","guid":{"rendered":"http:\/\/entrepisos.local\/?post_type=product&#038;p=15103"},"modified":"2025-07-18T16:05:04","modified_gmt":"2025-07-18T16:05:04","slug":"areca","status":"publish","type":"product","link":"https:\/\/entrepisosar.com.ar\/es\/producto\/areca\/","title":{"rendered":"Areca"},"content":{"rendered":"<p><strong>Espesores disponibles:<\/strong> 20 X 120 ECO: 6 mm<br \/>\n<strong>Gr\u00e1ficas disponibles:<\/strong> 20 X 120: 18<br \/>\n<strong>Terminaci\u00f3n:<\/strong> Natural<br \/>\n<strong>Uso:<\/strong> Piso \/ Pared<br \/>\n<strong>Estructura:<\/strong> Con relieve<br \/>\n<strong>Junta m\u00ednima recomendada:<\/strong> 3 mm<br \/>\n<strong>Tonalidad:<\/strong> Variaci\u00f3n ligera<\/p>","protected":false},"excerpt":{"rendered":"<p>Porcelanato Premium. Inspirado en la madera en su estado m\u00e1s puro, con dise\u00f1o enriquecido por combinaciones de gr\u00e1ficas que le dan naturalidad y personalidad a cada l\u00ednea.<br \/>\n<strong style=\"color: red;\">Este producto se vende por caja de 1,44 m\u00b2.<br \/>\nEl precio por m\u00b2 de Primera es: $36.756<br \/>\nEl precio por m\u00b2 de Segunda es: $32.630<br \/>\n-10% extra con transferencia bancaria<\/strong><\/p>","protected":false},"featured_media":15108,"template":"","meta":{"_joinchat":[]},"product_brand":[64],"product_cat":[145,146],"product_tag":[],"class_list":{"0":"post-15103","1":"product","2":"type-product","3":"status-publish","4":"has-post-thumbnail","6":"product_brand-brand-1","7":"product_cat-porcelanatos","8":"product_cat-simil-madera","11":"first","12":"instock","13":"sold-individually","14":"shipping-taxable","15":"purchasable","16":"product-type-variable"},"_links":{"self":[{"href":"https:\/\/entrepisosar.com.ar\/es\/wp-json\/wp\/v2\/product\/15103","targetHints":{"allow":["GET"]}}],"collection":[{"href":"https:\/\/entrepisosar.com.ar\/es\/wp-json\/wp\/v2\/product"}],"about":[{"href":"https:\/\/entrepisosar.com.ar\/es\/wp-json\/wp\/v2\/types\/product"}],"wp:featuredmedia":[{"embeddable":true,"href":"https:\/\/entrepisosar.com.ar\/es\/wp-json\/wp\/v2\/media\/15108"}],"wp:attachment":[{"href":"https:\/\/entrepisosar.com.ar\/es\/wp-json\/wp\/v2\/media?parent=15103"}],"wp:term":[{"taxonomy":"product_brand","embeddable":true,"href":"https:\/\/entrepisosar.com.ar\/es\/wp-json\/wp\/v2\/product_brand?post=15103"},{"taxonomy":"product_cat","embeddable":true,"href":"https:\/\/entrepisosar.com.ar\/es\/wp-json\/wp\/v2\/product_cat?post=15103"},{"taxonomy":"product_tag","embeddable":true,"href":"https:\/\/entrepisosar.com.ar\/es\/wp-json\/wp\/v2\/product_tag?post=15103"}],"curies":[{"name":"wp","href":"https:\/\/api.w.org\/{rel}","templated":true}]}}