{"id":15153,"date":"2025-01-13T20:27:01","date_gmt":"2025-01-13T20:27:01","guid":{"rendered":"http:\/\/entrepisos.local\/?post_type=product&#038;p=15153"},"modified":"2025-06-10T16:42:46","modified_gmt":"2025-06-10T16:42:46","slug":"maple","status":"publish","type":"product","link":"https:\/\/entrepisosar.com.ar\/es\/producto\/maple\/","title":{"rendered":"Maple"},"content":{"rendered":"<p><strong>Espesores disponibles:<\/strong> 20 X 160: 9,5 mm<br \/>\n<strong>Gr\u00e1ficas disponibles:<\/strong> 20 X 160: 12<br \/>\n<strong>Terminaci\u00f3n:<\/strong> Grip<br \/>\n<strong>Uso:<\/strong> Piso \/ Pared<br \/>\n<strong>Estructura:<\/strong> Con relieve<br \/>\n<strong>Junta m\u00ednima recomendada:<\/strong> 3 mm<br \/>\n<strong>Tonalidad:<\/strong> Variaci\u00f3n moderada<\/p>","protected":false},"excerpt":{"rendered":"<p>Porcellanato Premium. Inspirado en la madera en su estado m\u00e1s puro, con dise\u00f1o enriquecido por combinaciones de gr\u00e1ficas que le dan naturalidad y personalidad a cada l\u00ednea.<br \/>\n<strong style=\"color: red;\">Este producto se vende por caja de 1,44 m\u00b2.<br \/>\nEl precio por m\u00b2 de Primera es: $45.945<br \/>\nEl precio por m\u00b2 de Segunda es: $32.630<br \/>\n-10% extra con transferencia bancaria<\/strong><\/p>","protected":false},"featured_media":15157,"template":"","meta":{"_joinchat":[]},"product_brand":[64],"product_cat":[145,146],"product_tag":[],"class_list":{"0":"post-15153","1":"product","2":"type-product","3":"status-publish","4":"has-post-thumbnail","6":"product_brand-brand-1","7":"product_cat-porcelanatos","8":"product_cat-simil-madera","11":"first","12":"instock","13":"shipping-taxable","14":"purchasable","15":"product-type-variable"},"_links":{"self":[{"href":"https:\/\/entrepisosar.com.ar\/es\/wp-json\/wp\/v2\/product\/15153","targetHints":{"allow":["GET"]}}],"collection":[{"href":"https:\/\/entrepisosar.com.ar\/es\/wp-json\/wp\/v2\/product"}],"about":[{"href":"https:\/\/entrepisosar.com.ar\/es\/wp-json\/wp\/v2\/types\/product"}],"wp:featuredmedia":[{"embeddable":true,"href":"https:\/\/entrepisosar.com.ar\/es\/wp-json\/wp\/v2\/media\/15157"}],"wp:attachment":[{"href":"https:\/\/entrepisosar.com.ar\/es\/wp-json\/wp\/v2\/media?parent=15153"}],"wp:term":[{"taxonomy":"product_brand","embeddable":true,"href":"https:\/\/entrepisosar.com.ar\/es\/wp-json\/wp\/v2\/product_brand?post=15153"},{"taxonomy":"product_cat","embeddable":true,"href":"https:\/\/entrepisosar.com.ar\/es\/wp-json\/wp\/v2\/product_cat?post=15153"},{"taxonomy":"product_tag","embeddable":true,"href":"https:\/\/entrepisosar.com.ar\/es\/wp-json\/wp\/v2\/product_tag?post=15153"}],"curies":[{"name":"wp","href":"https:\/\/api.w.org\/{rel}","templated":true}]}}