{"id":15189,"date":"2025-01-17T20:52:03","date_gmt":"2025-01-17T20:52:03","guid":{"rendered":"https:\/\/entrepisos.hostindomain.com\/?post_type=product&#038;p=15189"},"modified":"2025-03-28T04:44:52","modified_gmt":"2025-03-28T04:44:52","slug":"tarco","status":"publish","type":"product","link":"https:\/\/entrepisosar.com.ar\/es\/producto\/tarco\/","title":{"rendered":"Tarco"},"content":{"rendered":"<p><strong>Espesores disponibles:<\/strong> 20 X 80: 8 mm<br \/>\n<strong>Gr\u00e1ficas disponibles:<\/strong> 20 X 80: 16<br \/>\n<strong>Terminaci\u00f3n:<\/strong> Natural<br \/>\n<strong>Uso:<\/strong> Piso \/ Pared<br \/>\n<strong>Estructura:<\/strong>\u00a0 Sin relieve<br \/>\n<strong>Junta m\u00ednima recomendada:<\/strong> 3 mm<br \/>\n<strong>Tonalidad:<\/strong> Variaci\u00f3n moderada<\/p>","protected":false},"excerpt":{"rendered":"<p>Porcellanato Premium. Inspirado en la madera en su estado m\u00e1s puro, con dise\u00f1o enriquecido por combinaciones de gr\u00e1ficas que le dan naturalidad y personalidad a cada l\u00ednea.<\/p>","protected":false},"featured_media":15242,"template":"","meta":{"_joinchat":[]},"product_brand":[64],"product_cat":[145,146],"product_tag":[],"class_list":{"0":"post-15189","1":"product","2":"type-product","3":"status-publish","4":"has-post-thumbnail","6":"product_brand-brand-1","7":"product_cat-porcelanatos","8":"product_cat-simil-madera","11":"first","12":"instock","13":"shipping-taxable","14":"purchasable","15":"product-type-variable"},"_links":{"self":[{"href":"https:\/\/entrepisosar.com.ar\/es\/wp-json\/wp\/v2\/product\/15189","targetHints":{"allow":["GET"]}}],"collection":[{"href":"https:\/\/entrepisosar.com.ar\/es\/wp-json\/wp\/v2\/product"}],"about":[{"href":"https:\/\/entrepisosar.com.ar\/es\/wp-json\/wp\/v2\/types\/product"}],"wp:featuredmedia":[{"embeddable":true,"href":"https:\/\/entrepisosar.com.ar\/es\/wp-json\/wp\/v2\/media\/15242"}],"wp:attachment":[{"href":"https:\/\/entrepisosar.com.ar\/es\/wp-json\/wp\/v2\/media?parent=15189"}],"wp:term":[{"taxonomy":"product_brand","embeddable":true,"href":"https:\/\/entrepisosar.com.ar\/es\/wp-json\/wp\/v2\/product_brand?post=15189"},{"taxonomy":"product_cat","embeddable":true,"href":"https:\/\/entrepisosar.com.ar\/es\/wp-json\/wp\/v2\/product_cat?post=15189"},{"taxonomy":"product_tag","embeddable":true,"href":"https:\/\/entrepisosar.com.ar\/es\/wp-json\/wp\/v2\/product_tag?post=15189"}],"curies":[{"name":"wp","href":"https:\/\/api.w.org\/{rel}","templated":true}]}}