{"id":15633,"date":"2025-01-27T17:03:30","date_gmt":"2025-01-27T17:03:30","guid":{"rendered":"https:\/\/entrepisos.hostindomain.com\/?post_type=product&#038;p=15633"},"modified":"2025-01-27T17:10:03","modified_gmt":"2025-01-27T17:10:03","slug":"oporto-rectificado","status":"publish","type":"product","link":"https:\/\/entrepisosar.com.ar\/es\/producto\/oporto-rectificado\/","title":{"rendered":"Oporto &#8211; Rectificado"},"content":{"rendered":"<p><strong>Espesores disponibles:<\/strong> <span class=\"formato\">\u00a08 mm<\/span><br \/>\n<strong>Gr\u00e1ficas disponibles:<\/strong>\u00a0 8<br \/>\n<strong>Terminaci\u00f3n: <\/strong>Satinado<br \/>\n<strong>Uso:<\/strong> Transito Intenso<br \/>\n<strong>Estructura: <\/strong>Sin relieve<br \/>\n<strong>Junta m\u00ednima recomendada:<\/strong> 3 mm<br \/>\n<strong>Tonalidad:<\/strong> Variaci\u00f3n\u00a0 Moderada<\/p>","protected":false},"excerpt":{"rendered":"<p>Espesores disponibles: \u00a08 mm Gr\u00e1ficas disponibles:\u00a0 8 Terminaci\u00f3n: Satinado Uso: Transito Intenso Estructura: Sin relieve Junta m\u00ednima recomendada: 3 mm Tonalidad: Variaci\u00f3n\u00a0 Moderada<\/p>","protected":false},"featured_media":0,"template":"","meta":{"_joinchat":[]},"product_brand":[65],"product_cat":[151,145],"product_tag":[],"class_list":{"0":"post-15633","1":"product","2":"type-product","3":"status-publish","5":"product_brand-brand-2","6":"product_cat-decorados","7":"product_cat-porcelanatos","9":"first","10":"instock","11":"shipping-taxable","12":"purchasable","13":"product-type-variable"},"_links":{"self":[{"href":"https:\/\/entrepisosar.com.ar\/es\/wp-json\/wp\/v2\/product\/15633","targetHints":{"allow":["GET"]}}],"collection":[{"href":"https:\/\/entrepisosar.com.ar\/es\/wp-json\/wp\/v2\/product"}],"about":[{"href":"https:\/\/entrepisosar.com.ar\/es\/wp-json\/wp\/v2\/types\/product"}],"wp:attachment":[{"href":"https:\/\/entrepisosar.com.ar\/es\/wp-json\/wp\/v2\/media?parent=15633"}],"wp:term":[{"taxonomy":"product_brand","embeddable":true,"href":"https:\/\/entrepisosar.com.ar\/es\/wp-json\/wp\/v2\/product_brand?post=15633"},{"taxonomy":"product_cat","embeddable":true,"href":"https:\/\/entrepisosar.com.ar\/es\/wp-json\/wp\/v2\/product_cat?post=15633"},{"taxonomy":"product_tag","embeddable":true,"href":"https:\/\/entrepisosar.com.ar\/es\/wp-json\/wp\/v2\/product_tag?post=15633"}],"curies":[{"name":"wp","href":"https:\/\/api.w.org\/{rel}","templated":true}]}}