{"id":16711,"date":"2025-04-22T21:40:08","date_gmt":"2025-04-22T21:40:08","guid":{"rendered":"https:\/\/entrepisos.hostindomain.com\/?post_type=product&#038;p=16711"},"modified":"2025-06-26T20:00:27","modified_gmt":"2025-06-26T20:00:27","slug":"klaukol-pastina-fluida-piezas-normales-1-4-mm","status":"publish","type":"product","link":"https:\/\/entrepisosar.com.ar\/es\/producto\/klaukol-pastina-fluida-piezas-normales-1-4-mm\/","title":{"rendered":"Klaukol Pastina Fluida\u00ae Piezas Normales 1\u20134 mm"},"content":{"rendered":"<ul>\n<li>Facil mezclado y extension sobre superficies.<\/li>\n<li>Pasta liviana en comparacion con las pastinas comunes.<\/li>\n<li>Reductor de esporas fungicidas.<\/li>\n<\/ul>","protected":false},"excerpt":{"rendered":"<div class=\"cmp-product__description--short\">\n<p>PASTINA FLUIDA PARA EL TOMADO DE JUNTAS DE 1 A 4 MM EN PIEZAS DE MEDIA Y\/O ALTA ABSORCI\u00d3N\u00a0EN PISOS Y\u00a0PAREDES INTERIORES.<\/p>\n<\/div>\n<p class=\"cmp-text__paragraph cmp-line-clamp cmp-line-clamp--3\" data-lines=\"3\" data-read-more=\"Lea m\u00e1s +\" data-read-less=\"Lea menos -\">Klaukol Pastina Fluida\u00ae Piezas Normales 1\u20134 mm es un mortero en polvo basado en cementos \u00e1ridos de granulometr\u00eda seleccionada y aditivos especiales, que producen en el mortero la virtud de mejorar la relaci\u00f3n agua cemento y provocar plasticidad y penetraci\u00f3n.<\/p>","protected":false},"featured_media":16712,"template":"","meta":{"_joinchat":[]},"product_brand":[],"product_cat":[158,163],"product_tag":[],"class_list":{"0":"post-16711","1":"product","2":"type-product","3":"status-publish","4":"has-post-thumbnail","6":"product_cat-adhesivos-y-otros","7":"product_cat-pastinas","10":"first","11":"instock","12":"shipping-taxable","13":"purchasable","14":"product-type-variable"},"_links":{"self":[{"href":"https:\/\/entrepisosar.com.ar\/es\/wp-json\/wp\/v2\/product\/16711","targetHints":{"allow":["GET"]}}],"collection":[{"href":"https:\/\/entrepisosar.com.ar\/es\/wp-json\/wp\/v2\/product"}],"about":[{"href":"https:\/\/entrepisosar.com.ar\/es\/wp-json\/wp\/v2\/types\/product"}],"wp:featuredmedia":[{"embeddable":true,"href":"https:\/\/entrepisosar.com.ar\/es\/wp-json\/wp\/v2\/media\/16712"}],"wp:attachment":[{"href":"https:\/\/entrepisosar.com.ar\/es\/wp-json\/wp\/v2\/media?parent=16711"}],"wp:term":[{"taxonomy":"product_brand","embeddable":true,"href":"https:\/\/entrepisosar.com.ar\/es\/wp-json\/wp\/v2\/product_brand?post=16711"},{"taxonomy":"product_cat","embeddable":true,"href":"https:\/\/entrepisosar.com.ar\/es\/wp-json\/wp\/v2\/product_cat?post=16711"},{"taxonomy":"product_tag","embeddable":true,"href":"https:\/\/entrepisosar.com.ar\/es\/wp-json\/wp\/v2\/product_tag?post=16711"}],"curies":[{"name":"wp","href":"https:\/\/api.w.org\/{rel}","templated":true}]}}