{"id":16713,"date":"2025-04-22T21:55:42","date_gmt":"2025-04-22T21:55:42","guid":{"rendered":"https:\/\/entrepisos.hostindomain.com\/?post_type=product&#038;p=16713"},"modified":"2025-06-26T20:00:13","modified_gmt":"2025-06-26T20:00:13","slug":"omega","status":"publish","type":"product","link":"https:\/\/entrepisosar.com.ar\/es\/producto\/omega\/","title":{"rendered":"Omega"},"content":{"rendered":"<p>Perfil omega de Aluminio. Su funci\u00f3n dar terminaci\u00f3n recta a revestimientos, cer\u00e1micos y porcelanatos. Ideal para pared. Se utiliza para dividir y para decorar. Gran variedad de colores. Disponible en 10*10 mm<\/p>","protected":false},"excerpt":{"rendered":"<div class=\"cmp-product__description--short\">\n<p>Perfil de aluminio recto para proteger, decorar y enmarcar revestimientos, cer\u00e1micos y porcelanatos. Terminaci\u00f3n perfecta.<\/p>\n<p><span style=\"vertical-align: inherit;\"><span style=\"vertical-align: inherit;\">Alto: 10 mm<\/span><\/span><\/p>\n<p><span style=\"vertical-align: inherit;\"><span style=\"vertical-align: inherit;\">Ancho: 10 mm<\/span><\/span><\/p>\n<p><span style=\"vertical-align: inherit;\"><span style=\"vertical-align: inherit;\">Largo: 2500 mm<\/span><\/span><\/p>\n<p>Empaque:\u00a0 Caja cerrada 50 unidades<\/p>\n<\/div>\n<p class=\"cmp-text__paragraph cmp-line-clamp cmp-line-clamp--3\" data-lines=\"3\" data-read-more=\"Lea m\u00e1s +\" data-read-less=\"Lea menos -\">","protected":false},"featured_media":16714,"template":"","meta":{"_joinchat":[]},"product_brand":[],"product_cat":[158,164],"product_tag":[],"class_list":{"0":"post-16713","1":"product","2":"type-product","3":"status-publish","4":"has-post-thumbnail","6":"product_cat-adhesivos-y-otros","7":"product_cat-perfileria","10":"first","11":"instock","12":"shipping-taxable","13":"purchasable","14":"product-type-variable"},"_links":{"self":[{"href":"https:\/\/entrepisosar.com.ar\/es\/wp-json\/wp\/v2\/product\/16713","targetHints":{"allow":["GET"]}}],"collection":[{"href":"https:\/\/entrepisosar.com.ar\/es\/wp-json\/wp\/v2\/product"}],"about":[{"href":"https:\/\/entrepisosar.com.ar\/es\/wp-json\/wp\/v2\/types\/product"}],"wp:featuredmedia":[{"embeddable":true,"href":"https:\/\/entrepisosar.com.ar\/es\/wp-json\/wp\/v2\/media\/16714"}],"wp:attachment":[{"href":"https:\/\/entrepisosar.com.ar\/es\/wp-json\/wp\/v2\/media?parent=16713"}],"wp:term":[{"taxonomy":"product_brand","embeddable":true,"href":"https:\/\/entrepisosar.com.ar\/es\/wp-json\/wp\/v2\/product_brand?post=16713"},{"taxonomy":"product_cat","embeddable":true,"href":"https:\/\/entrepisosar.com.ar\/es\/wp-json\/wp\/v2\/product_cat?post=16713"},{"taxonomy":"product_tag","embeddable":true,"href":"https:\/\/entrepisosar.com.ar\/es\/wp-json\/wp\/v2\/product_tag?post=16713"}],"curies":[{"name":"wp","href":"https:\/\/api.w.org\/{rel}","templated":true}]}}