{"id":16722,"date":"2025-04-22T22:56:38","date_gmt":"2025-04-22T22:56:38","guid":{"rendered":"https:\/\/entrepisos.hostindomain.com\/?post_type=product&#038;p=16722"},"modified":"2025-06-26T20:00:09","modified_gmt":"2025-06-26T20:00:09","slug":"omega-2","status":"publish","type":"product","link":"https:\/\/entrepisosar.com.ar\/es\/producto\/omega-2\/","title":{"rendered":"Omega"},"content":{"rendered":"<p>Perfil omega acero por su calidad y dureza es ideal para colocacion en pisos. Se utiliza para uniones de piso, enmarcaci\u00f3n de ventanas, acentuar la divisi\u00f3n entre ambientes, dar terminaci\u00f3n a escalones o como listel decorativo. Su proceso de fabricaci\u00f3n permite que sus \u00e1ngulos sean perfectamente rectos.<\/p>","protected":false},"excerpt":{"rendered":"<div class=\"cmp-product__description--short\">\n<p>Perfil de acero inoxidable. Terminaci\u00f3n Recta. Ideal para pisos, divisi\u00f3n entre ambientes, en marcaciones y dar terminaci\u00f3n a escalones.<\/p>\n<p>Alto: 2500 mm<\/p>\n<p>Empaque: caja cerrada 20 unidades<\/p>\n<p>Material: Acero Inoxidable 304<\/p>\n<\/div>\n<p class=\"cmp-text__paragraph cmp-line-clamp cmp-line-clamp--3\" data-lines=\"3\" data-read-more=\"Lea m\u00e1s +\" data-read-less=\"Lea menos -\">","protected":false},"featured_media":16723,"template":"","meta":{"_joinchat":[]},"product_brand":[],"product_cat":[158,164],"product_tag":[],"class_list":{"0":"post-16722","1":"product","2":"type-product","3":"status-publish","4":"has-post-thumbnail","6":"product_cat-adhesivos-y-otros","7":"product_cat-perfileria","10":"first","11":"instock","12":"shipping-taxable","13":"purchasable","14":"product-type-variable"},"_links":{"self":[{"href":"https:\/\/entrepisosar.com.ar\/es\/wp-json\/wp\/v2\/product\/16722","targetHints":{"allow":["GET"]}}],"collection":[{"href":"https:\/\/entrepisosar.com.ar\/es\/wp-json\/wp\/v2\/product"}],"about":[{"href":"https:\/\/entrepisosar.com.ar\/es\/wp-json\/wp\/v2\/types\/product"}],"wp:featuredmedia":[{"embeddable":true,"href":"https:\/\/entrepisosar.com.ar\/es\/wp-json\/wp\/v2\/media\/16723"}],"wp:attachment":[{"href":"https:\/\/entrepisosar.com.ar\/es\/wp-json\/wp\/v2\/media?parent=16722"}],"wp:term":[{"taxonomy":"product_brand","embeddable":true,"href":"https:\/\/entrepisosar.com.ar\/es\/wp-json\/wp\/v2\/product_brand?post=16722"},{"taxonomy":"product_cat","embeddable":true,"href":"https:\/\/entrepisosar.com.ar\/es\/wp-json\/wp\/v2\/product_cat?post=16722"},{"taxonomy":"product_tag","embeddable":true,"href":"https:\/\/entrepisosar.com.ar\/es\/wp-json\/wp\/v2\/product_tag?post=16722"}],"curies":[{"name":"wp","href":"https:\/\/api.w.org\/{rel}","templated":true}]}}