{"id":16724,"date":"2025-04-22T23:01:24","date_gmt":"2025-04-22T23:01:24","guid":{"rendered":"https:\/\/entrepisos.hostindomain.com\/?post_type=product&#038;p=16724"},"modified":"2025-06-26T20:00:08","modified_gmt":"2025-06-26T20:00:08","slug":"perfil-l-acero","status":"publish","type":"product","link":"https:\/\/entrepisosar.com.ar\/es\/producto\/perfil-l-acero\/","title":{"rendered":"Perfil L Acero"},"content":{"rendered":"<p>El Perfil L Acero Inox. en medidas est\u00e1ndar en aluminio de 10 mm y 12 mm. colores Brillo y mate.<\/p>","protected":false},"excerpt":{"rendered":"<div class=\"cmp-product__description--short\">\n<p><span data-sheets-value=\"{&quot;1&quot;:2,&quot;2&quot;:&quot; El Perfil L Clasico de Acero Inoxidable calidad 304. terminacion Recta. Ideal para revestimientos y cer\u00e1micos. Disponilbe en brillo y esmerilado.&quot;}\" data-sheets-userformat=\"{&quot;2&quot;:6915,&quot;3&quot;:{&quot;1&quot;:0},&quot;4&quot;:[null,2,16777215],&quot;11&quot;:4,&quot;12&quot;:0,&quot;14&quot;:[null,2,2236962],&quot;15&quot;:&quot;Arial&quot;}\">El Perfil L Cl\u00e1sico de Acero Inoxidable calidad 304. terminaci\u00f3n Recta. Ideal para revestimientos y cer\u00e1micos. Disponible en brillo y esmerilado.<\/span><\/p>\n<p>Largo: 2500mm<\/p>\n<p>Material: acero inoxidable 304<\/p>\n<\/div>\n<p class=\"cmp-text__paragraph cmp-line-clamp cmp-line-clamp--3\" data-lines=\"3\" data-read-more=\"Lea m\u00e1s +\" data-read-less=\"Lea menos -\">","protected":false},"featured_media":16725,"template":"","meta":{"_joinchat":[]},"product_brand":[],"product_cat":[158,164],"product_tag":[],"class_list":{"0":"post-16724","1":"product","2":"type-product","3":"status-publish","4":"has-post-thumbnail","6":"product_cat-adhesivos-y-otros","7":"product_cat-perfileria","10":"first","11":"instock","12":"shipping-taxable","13":"purchasable","14":"product-type-variable"},"_links":{"self":[{"href":"https:\/\/entrepisosar.com.ar\/es\/wp-json\/wp\/v2\/product\/16724","targetHints":{"allow":["GET"]}}],"collection":[{"href":"https:\/\/entrepisosar.com.ar\/es\/wp-json\/wp\/v2\/product"}],"about":[{"href":"https:\/\/entrepisosar.com.ar\/es\/wp-json\/wp\/v2\/types\/product"}],"wp:featuredmedia":[{"embeddable":true,"href":"https:\/\/entrepisosar.com.ar\/es\/wp-json\/wp\/v2\/media\/16725"}],"wp:attachment":[{"href":"https:\/\/entrepisosar.com.ar\/es\/wp-json\/wp\/v2\/media?parent=16724"}],"wp:term":[{"taxonomy":"product_brand","embeddable":true,"href":"https:\/\/entrepisosar.com.ar\/es\/wp-json\/wp\/v2\/product_brand?post=16724"},{"taxonomy":"product_cat","embeddable":true,"href":"https:\/\/entrepisosar.com.ar\/es\/wp-json\/wp\/v2\/product_cat?post=16724"},{"taxonomy":"product_tag","embeddable":true,"href":"https:\/\/entrepisosar.com.ar\/es\/wp-json\/wp\/v2\/product_tag?post=16724"}],"curies":[{"name":"wp","href":"https:\/\/api.w.org\/{rel}","templated":true}]}}