{"id":16740,"date":"2025-04-22T23:38:41","date_gmt":"2025-04-22T23:38:41","guid":{"rendered":"https:\/\/entrepisos.hostindomain.com\/?post_type=product&#038;p=16740"},"modified":"2025-06-26T19:59:53","modified_gmt":"2025-06-26T19:59:53","slug":"angulo-acero-430","status":"publish","type":"product","link":"https:\/\/entrepisosar.com.ar\/es\/producto\/angulo-acero-430\/","title":{"rendered":"\u00c1ngulo Acero 430"},"content":{"rendered":"<p>\u00c1ngulo de acero brillo. Ideal para todo tipo de uso interior. Su funci\u00f3n es la de proteger los \u00e1ngulos de posibles da\u00f1os. Apto para paredes, mobiliarios, artefactos, y todo tipo de ambientes.<\/p>","protected":false},"excerpt":{"rendered":"<p>Colecci\u00f3n D\u00b4Acier es la colecci\u00f3n de perfiles para pared m\u00e1s econ\u00f3micos de acero inoxidable.<\/p>\n<p>Material: Acero inox. 430<\/p>\n<p>Terminaci\u00f3n: Brillante<\/p>","protected":false},"featured_media":16741,"template":"","meta":{"_joinchat":[]},"product_brand":[],"product_cat":[158,164],"product_tag":[],"class_list":{"0":"post-16740","1":"product","2":"type-product","3":"status-publish","4":"has-post-thumbnail","6":"product_cat-adhesivos-y-otros","7":"product_cat-perfileria","10":"first","11":"instock","12":"shipping-taxable","13":"purchasable","14":"product-type-variable"},"_links":{"self":[{"href":"https:\/\/entrepisosar.com.ar\/es\/wp-json\/wp\/v2\/product\/16740","targetHints":{"allow":["GET"]}}],"collection":[{"href":"https:\/\/entrepisosar.com.ar\/es\/wp-json\/wp\/v2\/product"}],"about":[{"href":"https:\/\/entrepisosar.com.ar\/es\/wp-json\/wp\/v2\/types\/product"}],"wp:featuredmedia":[{"embeddable":true,"href":"https:\/\/entrepisosar.com.ar\/es\/wp-json\/wp\/v2\/media\/16741"}],"wp:attachment":[{"href":"https:\/\/entrepisosar.com.ar\/es\/wp-json\/wp\/v2\/media?parent=16740"}],"wp:term":[{"taxonomy":"product_brand","embeddable":true,"href":"https:\/\/entrepisosar.com.ar\/es\/wp-json\/wp\/v2\/product_brand?post=16740"},{"taxonomy":"product_cat","embeddable":true,"href":"https:\/\/entrepisosar.com.ar\/es\/wp-json\/wp\/v2\/product_cat?post=16740"},{"taxonomy":"product_tag","embeddable":true,"href":"https:\/\/entrepisosar.com.ar\/es\/wp-json\/wp\/v2\/product_tag?post=16740"}],"curies":[{"name":"wp","href":"https:\/\/api.w.org\/{rel}","templated":true}]}}