{"id":16752,"date":"2025-04-23T00:21:29","date_gmt":"2025-04-23T00:21:29","guid":{"rendered":"https:\/\/entrepisos.hostindomain.com\/?post_type=product&#038;p=16752"},"modified":"2025-06-26T19:59:43","modified_gmt":"2025-06-26T19:59:43","slug":"perfil-l-matte","status":"publish","type":"product","link":"https:\/\/entrepisosar.com.ar\/es\/producto\/perfil-l-matte\/","title":{"rendered":"Perfil L Matte\u00ae"},"content":{"rendered":"<p>El Perfil L su uso es de los m\u00e1s amplios, enmarca, separa, da terminaci\u00f3n y protecci\u00f3n a los revestimientos m\u00e1s finos o slim. Amplia variedad de medidas. En dos colores cl\u00e1sicos pero acabado mate, productos m\u00e1s vendidos del \u00faltimo lanzamiento. Uso interior. Colocaci\u00f3n: junto con el revestimiento.<\/p>","protected":false},"excerpt":{"rendered":"<p>Colecci\u00f3n Black &amp; White Matte es una edici\u00f3n limitada de productos dise\u00f1ados a partir de las tendencias e investigaciones de la \u00faltima edici\u00f3n que presenciamos de Sal\u00f3n Di Mobile, en Mil\u00e1n 2019.<\/p>\n<p>Largo: 2500mm<\/p>\n<p>Material: Aluminio<\/p>\n<p>Empaque: caja 50 unidades<\/p>","protected":false},"featured_media":16753,"template":"","meta":{"_joinchat":[]},"product_brand":[202],"product_cat":[158,164],"product_tag":[],"class_list":{"0":"post-16752","1":"product","2":"type-product","3":"status-publish","4":"has-post-thumbnail","6":"product_brand-moldumet","7":"product_cat-adhesivos-y-otros","8":"product_cat-perfileria","11":"first","12":"instock","13":"shipping-taxable","14":"purchasable","15":"product-type-variable"},"_links":{"self":[{"href":"https:\/\/entrepisosar.com.ar\/es\/wp-json\/wp\/v2\/product\/16752","targetHints":{"allow":["GET"]}}],"collection":[{"href":"https:\/\/entrepisosar.com.ar\/es\/wp-json\/wp\/v2\/product"}],"about":[{"href":"https:\/\/entrepisosar.com.ar\/es\/wp-json\/wp\/v2\/types\/product"}],"wp:featuredmedia":[{"embeddable":true,"href":"https:\/\/entrepisosar.com.ar\/es\/wp-json\/wp\/v2\/media\/16753"}],"wp:attachment":[{"href":"https:\/\/entrepisosar.com.ar\/es\/wp-json\/wp\/v2\/media?parent=16752"}],"wp:term":[{"taxonomy":"product_brand","embeddable":true,"href":"https:\/\/entrepisosar.com.ar\/es\/wp-json\/wp\/v2\/product_brand?post=16752"},{"taxonomy":"product_cat","embeddable":true,"href":"https:\/\/entrepisosar.com.ar\/es\/wp-json\/wp\/v2\/product_cat?post=16752"},{"taxonomy":"product_tag","embeddable":true,"href":"https:\/\/entrepisosar.com.ar\/es\/wp-json\/wp\/v2\/product_tag?post=16752"}],"curies":[{"name":"wp","href":"https:\/\/api.w.org\/{rel}","templated":true}]}}