{"id":17176,"date":"2025-04-30T15:36:15","date_gmt":"2025-04-30T15:36:15","guid":{"rendered":"https:\/\/entrepisos.hostindomain.com\/?post_type=product&#038;p=17176"},"modified":"2025-07-18T15:33:06","modified_gmt":"2025-07-18T15:33:06","slug":"signature-enkel-55","status":"publish","type":"product","link":"https:\/\/entrepisosar.com.ar\/es\/producto\/signature-enkel-55\/","title":{"rendered":"Signature Enkel 55"},"content":{"rendered":"<table class=\"woocommerce-product-attributes shop_attributes\" aria-label=\"Detalles del producto\">\n<tbody>\n<tr class=\"woocommerce-product-attributes-item woocommerce-product-attributes-item--attribute_modelo\">\n<th class=\"woocommerce-product-attributes-item__label\" scope=\"row\">Modelo<\/th>\n<td class=\"woocommerce-product-attributes-item__value\">Signature Enkel 55<\/td>\n<\/tr>\n<tr class=\"woocommerce-product-attributes-item woocommerce-product-attributes-item--dimensions\">\n<th class=\"woocommerce-product-attributes-item__label\" scope=\"row\">Dimensiones<\/th>\n<td class=\"woocommerce-product-attributes-item__value\">55 \u00d7 42 \u00d7 22 cm<\/td>\n<\/tr>\n<tr class=\"woocommerce-product-attributes-item woocommerce-product-attributes-item--attribute_pa_ambiente\">\n<th class=\"woocommerce-product-attributes-item__label\" scope=\"row\">Ambiente<\/th>\n<td class=\"woocommerce-product-attributes-item__value\">Cocina<\/td>\n<\/tr>\n<tr class=\"woocommerce-product-attributes-item woocommerce-product-attributes-item--attribute_pa_capacidad\">\n<th class=\"woocommerce-product-attributes-item__label\" scope=\"row\">Capacidad<\/th>\n<td class=\"woocommerce-product-attributes-item__value\">29 L<\/td>\n<\/tr>\n<tr class=\"woocommerce-product-attributes-item woocommerce-product-attributes-item--attribute_pa_material\">\n<th class=\"woocommerce-product-attributes-item__label\" scope=\"row\">Material<\/th>\n<td class=\"woocommerce-product-attributes-item__value\">Acero Inox. 304<\/td>\n<\/tr>\n<tr class=\"woocommerce-product-attributes-item woocommerce-product-attributes-item--attribute_pa_sopapa\">\n<th class=\"woocommerce-product-attributes-item__label\" scope=\"row\">Sopapa<\/th>\n<td class=\"woocommerce-product-attributes-item__value\">Sopapa Cestillo PR con antirrebalse Cover<\/td>\n<\/tr>\n<tr class=\"woocommerce-product-attributes-item woocommerce-product-attributes-item--attribute_pa_terminacion\">\n<th class=\"woocommerce-product-attributes-item__label\" scope=\"row\">Terminaci\u00f3n<\/th>\n<td class=\"woocommerce-product-attributes-item__value\">Pulido est\u00e1ndar<\/td>\n<\/tr>\n<tr class=\"woocommerce-product-attributes-item woocommerce-product-attributes-item--attribute_pa_tipo-de-instalacion\">\n<th class=\"woocommerce-product-attributes-item__label\" scope=\"row\">Tipo de instalaci\u00f3n<\/th>\n<td class=\"woocommerce-product-attributes-item__value\">Bajo mesada, Enrasada, Sobre mesada<\/td>\n<\/tr>\n<tr class=\"woocommerce-product-attributes-item woocommerce-product-attributes-item--attribute_pa_tipo-de-pileta\">\n<th class=\"woocommerce-product-attributes-item__label\" scope=\"row\">Tipo de pileta<\/th>\n<td class=\"woocommerce-product-attributes-item__value\">Simple<\/td>\n<\/tr>\n<\/tbody>\n<\/table>","protected":false},"excerpt":{"rendered":"<div class=\"link\">\n<div class=\"link\">\n<div class=\"link\">\n<div class=\"link\">\n<div class=\"link\">\n<div class=\"link\">\n<div class=\"link\">\n<div class=\"link\">\n<div class=\"link\">\n<div class=\"link\">\n<div class=\"link\">\n<div class=\"link\">\n<div class=\"link\">\n<div class=\"link\">\n<div class=\"link\">\n<div class=\"link\">\n<div class=\"link\">\n<div class=\"link\">\n<div class=\"link\">\n<div class=\"link\">\n<div class=\"link\">\n<div class=\"link\">\n<div class=\"link\">\n<div class=\"link\">\n<div class=\"product-short-description\">\n<p>Compacta y vers\u00e1til, esta pileta de acero inoxidable 304 con acabado satinado es perfecta para espacios reducidos. Su dise\u00f1o elegante y funcional garantiza durabilidad y f\u00e1cil mantenimiento.<\/p>\n<\/div>\n<div id=\"row-969298539\" class=\"row row-collapse align-middle align-center user-actions\">\n<div id=\"col-2012522795\" class=\"col medium-6 small-12 large-6\">\n<div class=\"col-inner\"><\/div>\n<\/div>\n<\/div>\n<\/div>\n<\/div>\n<\/div>\n<\/div>\n<\/div>\n<\/div>\n<\/div>\n<\/div>\n<\/div>\n<\/div>\n<\/div>\n<\/div>\n<\/div>\n<\/div>\n<\/div>\n<\/div>\n<\/div>\n<\/div>\n<\/div>\n<\/div>\n<\/div>\n<\/div>\n<\/div>\n<\/div>","protected":false},"featured_media":17177,"template":"","meta":{"_joinchat":[]},"product_brand":[69],"product_cat":[188,189],"product_tag":[],"class_list":{"0":"post-17176","1":"product","2":"type-product","3":"status-publish","4":"has-post-thumbnail","6":"product_brand-brand-6","7":"product_cat-bachas-de-acero-inoxidable","8":"product_cat-simples","11":"first","12":"instock","13":"shipping-taxable","14":"purchasable","15":"product-type-simple"},"_links":{"self":[{"href":"https:\/\/entrepisosar.com.ar\/es\/wp-json\/wp\/v2\/product\/17176","targetHints":{"allow":["GET"]}}],"collection":[{"href":"https:\/\/entrepisosar.com.ar\/es\/wp-json\/wp\/v2\/product"}],"about":[{"href":"https:\/\/entrepisosar.com.ar\/es\/wp-json\/wp\/v2\/types\/product"}],"wp:featuredmedia":[{"embeddable":true,"href":"https:\/\/entrepisosar.com.ar\/es\/wp-json\/wp\/v2\/media\/17177"}],"wp:attachment":[{"href":"https:\/\/entrepisosar.com.ar\/es\/wp-json\/wp\/v2\/media?parent=17176"}],"wp:term":[{"taxonomy":"product_brand","embeddable":true,"href":"https:\/\/entrepisosar.com.ar\/es\/wp-json\/wp\/v2\/product_brand?post=17176"},{"taxonomy":"product_cat","embeddable":true,"href":"https:\/\/entrepisosar.com.ar\/es\/wp-json\/wp\/v2\/product_cat?post=17176"},{"taxonomy":"product_tag","embeddable":true,"href":"https:\/\/entrepisosar.com.ar\/es\/wp-json\/wp\/v2\/product_tag?post=17176"}],"curies":[{"name":"wp","href":"https:\/\/api.w.org\/{rel}","templated":true}]}}