{"id":17223,"date":"2025-05-02T14:55:35","date_gmt":"2025-05-02T14:55:35","guid":{"rendered":"https:\/\/entrepisos.hostindomain.com\/?post_type=product&#038;p=17223"},"modified":"2025-07-18T15:30:26","modified_gmt":"2025-07-18T15:30:26","slug":"drenaje-lineal-compact-white-matt","status":"publish","type":"product","link":"https:\/\/entrepisosar.com.ar\/es\/producto\/drenaje-lineal-compact-white-matt\/","title":{"rendered":"Drenaje Lineal Compact White Matt"},"content":{"rendered":"<p>Fabricado en acero inoxidable calidad 304 y con terminaci\u00f3n esmerilada. El drenaje posee l\u00edneas rectas y puras que drenan mayor caudal de agua. El desag\u00fce lineal reemplaza la antigua rejilla, creando un plano \u00fanico de continuidad en el piso de la ducha. Nuestro Drenaje, permite que el drenaje se unifique con el porcelanato utilizado en el piso de la ducha. La instalaci\u00f3n puede hacerse tanto en el encuentro con la pared como en el centro de la ducha y es perfecto para todo tipo de revestimientos. Con los drenajes Moldumet\u00ae pod\u00e9s customizar cambiando el cover o tapa por cualquier de los disponibles y personalizarlo cuantas veces se quiera, permitiendo que su ba\u00f1o sea el que so\u00f1\u00f3.<\/p>","protected":false},"excerpt":{"rendered":"<div class=\"link\">\n<div class=\"link\">\n<div class=\"link\">\n<div class=\"link\">\n<div class=\"link\">\n<div class=\"link\">\n<div class=\"link\">\n<div class=\"link\">\n<div class=\"link\">\n<div class=\"link\">\n<div class=\"link\">\n<div class=\"link\">\n<div class=\"link\">\n<div class=\"link\">\n<div class=\"link\">\n<div class=\"link\">\n<div class=\"link\">\n<div class=\"link\">\n<div class=\"link\">\n<div class=\"link\">\n<div class=\"link\">\n<div class=\"link\">\n<div class=\"link\">\n<div class=\"link\">\n<div class=\"product-short-description\">\n<div class=\"link\">\n<div class=\"link\">\n<div class=\"link\">\n<div class=\"link\">\n<div class=\"link\">\n<div class=\"link\">\n<div class=\"link\">\n<div class=\"link\">\n<p>Terminaci\u00f3n: Blanco mate<\/p>\n<p>Ancho: 100 mm<\/p>\n<p>Largo: 800 mm<\/p>\n<p>Espesor: 26 mm<\/p>\n<div class=\"elementor elementor-6424\" data-elementor-type=\"wp-post\" data-elementor-id=\"6424\">\n<section class=\"elementor-section elementor-top-section elementor-element elementor-element-5f27d5e elementor-section-boxed elementor-section-height-default elementor-section-height-default elementskit-parallax-multi-container\" data-id=\"5f27d5e\" data-element_type=\"section\" data-settings=\"{&quot;ekit_has_onepagescroll_dot&quot;:&quot;yes&quot;}\">\n<div class=\"elementor-container elementor-column-gap-default\">\n<div class=\"elementor-column elementor-col-100 elementor-top-column elementor-element elementor-element-7ab1824\" data-id=\"7ab1824\" data-element_type=\"column\"><\/div>\n<\/div>\n<\/section>\n<\/div>\n<\/div>\n<\/div>\n<\/div>\n<\/div>\n<\/div>\n<\/div>\n<\/div>\n<\/div>\n<\/div>\n<\/div>\n<\/div>\n<\/div>\n<\/div>\n<\/div>\n<\/div>\n<\/div>\n<\/div>\n<\/div>\n<\/div>\n<\/div>\n<\/div>\n<\/div>\n<\/div>\n<\/div>\n<\/div>\n<\/div>\n<\/div>\n<\/div>\n<\/div>\n<\/div>\n<\/div>\n<\/div>\n<\/div>","protected":false},"featured_media":17224,"template":"","meta":{"_joinchat":[]},"product_brand":[202],"product_cat":[193,194],"product_tag":[],"class_list":{"0":"post-17223","1":"product","2":"type-product","3":"status-publish","4":"has-post-thumbnail","6":"product_brand-moldumet","7":"product_cat-accesorios","8":"product_cat-banos","11":"first","12":"instock","13":"shipping-taxable","14":"purchasable","15":"product-type-simple"},"_links":{"self":[{"href":"https:\/\/entrepisosar.com.ar\/es\/wp-json\/wp\/v2\/product\/17223","targetHints":{"allow":["GET"]}}],"collection":[{"href":"https:\/\/entrepisosar.com.ar\/es\/wp-json\/wp\/v2\/product"}],"about":[{"href":"https:\/\/entrepisosar.com.ar\/es\/wp-json\/wp\/v2\/types\/product"}],"wp:featuredmedia":[{"embeddable":true,"href":"https:\/\/entrepisosar.com.ar\/es\/wp-json\/wp\/v2\/media\/17224"}],"wp:attachment":[{"href":"https:\/\/entrepisosar.com.ar\/es\/wp-json\/wp\/v2\/media?parent=17223"}],"wp:term":[{"taxonomy":"product_brand","embeddable":true,"href":"https:\/\/entrepisosar.com.ar\/es\/wp-json\/wp\/v2\/product_brand?post=17223"},{"taxonomy":"product_cat","embeddable":true,"href":"https:\/\/entrepisosar.com.ar\/es\/wp-json\/wp\/v2\/product_cat?post=17223"},{"taxonomy":"product_tag","embeddable":true,"href":"https:\/\/entrepisosar.com.ar\/es\/wp-json\/wp\/v2\/product_tag?post=17223"}],"curies":[{"name":"wp","href":"https:\/\/api.w.org\/{rel}","templated":true}]}}