{"id":17366,"date":"2025-05-05T16:02:27","date_gmt":"2025-05-05T16:02:27","guid":{"rendered":"https:\/\/entrepisos.hostindomain.com\/?post_type=product&#038;p=17366"},"modified":"2025-09-29T18:56:16","modified_gmt":"2025-09-29T18:56:16","slug":"horno-electrico-60-lts-9-funciones","status":"publish","type":"product","link":"https:\/\/entrepisosar.com.ar\/es\/producto\/horno-electrico-60-lts-9-funciones\/","title":{"rendered":"Horno el\u00e9ctrico \u2013 60 lts 9 funciones 2609"},"content":{"rendered":"","protected":false},"excerpt":{"rendered":"<ul class=\"list list-description mb-4\">\n<li>\u2013 9 funciones de cocci\u00f3n<\/li>\n<li>\u2013 2 perillas de mando<\/li>\n<li>\u2013 Termostato mec\u00e1nico<\/li>\n<li>\u2013 Temporizador digital (pantalla azul)<\/li>\n<li>\u2013 Puerta de triple cristal extra\u00edble<\/li>\n<li>\u2013 Vidrio Templado 3 Capas<\/li>\n<li>\u2013 5 niveles de cocci\u00f3n<\/li>\n<li>\u2013 Interior esmaltado de f\u00e1cil limpieza<\/li>\n<li>\u2013 Revestimiento catal\u00edtico<\/li>\n<li>\u2013 Gran ventana de vista al interior<\/li>\n<li>\u2013 Con luz de horno interior<\/li>\n<li>\u2013 Clase Energ\u00e9tica: A<\/li>\n<li>\u2013 Voltaje: 220 \u2013 240 V<\/li>\n<li>\u2013 Frecuencia: 50 \/ 60 Hz<\/li>\n<li>\u2013 Temperatura Max.: 250 \u2103<\/li>\n<li>\u2013 Potencia: 2900 \u2013 3400 W<\/li>\n<li>\u2013 Capacidad: 60 L<\/li>\n<li>\u2013 Incluye: 1 bandeja de hornear, 1 parrilla para asar, 2 bastidores laterales<\/li>\n<li>\u2013 Bandeja de horno profunda<\/li>\n<li>\u2013 Gu\u00edas telesc\u00f3picas de estanter\u00edas<\/li>\n<li>\u2013 ALTO: 597 mm | ANCHO: 597 mm | PROFUNDIDAD: 548 mm<\/li>\n<li>\u2013 PESO: 36,5 kg<\/li>\n<\/ul>","protected":false},"featured_media":17367,"template":"","meta":{"_joinchat":[]},"product_brand":[68],"product_cat":[199,198],"product_tag":[],"class_list":{"0":"post-17366","1":"product","2":"type-product","3":"status-publish","4":"has-post-thumbnail","6":"product_brand-brand-5","7":"product_cat-hornos","8":"product_cat-hornos-y-anafes-electricos","11":"first","12":"instock","13":"shipping-taxable","14":"purchasable","15":"product-type-simple"},"_links":{"self":[{"href":"https:\/\/entrepisosar.com.ar\/es\/wp-json\/wp\/v2\/product\/17366","targetHints":{"allow":["GET"]}}],"collection":[{"href":"https:\/\/entrepisosar.com.ar\/es\/wp-json\/wp\/v2\/product"}],"about":[{"href":"https:\/\/entrepisosar.com.ar\/es\/wp-json\/wp\/v2\/types\/product"}],"wp:featuredmedia":[{"embeddable":true,"href":"https:\/\/entrepisosar.com.ar\/es\/wp-json\/wp\/v2\/media\/17367"}],"wp:attachment":[{"href":"https:\/\/entrepisosar.com.ar\/es\/wp-json\/wp\/v2\/media?parent=17366"}],"wp:term":[{"taxonomy":"product_brand","embeddable":true,"href":"https:\/\/entrepisosar.com.ar\/es\/wp-json\/wp\/v2\/product_brand?post=17366"},{"taxonomy":"product_cat","embeddable":true,"href":"https:\/\/entrepisosar.com.ar\/es\/wp-json\/wp\/v2\/product_cat?post=17366"},{"taxonomy":"product_tag","embeddable":true,"href":"https:\/\/entrepisosar.com.ar\/es\/wp-json\/wp\/v2\/product_tag?post=17366"}],"curies":[{"name":"wp","href":"https:\/\/api.w.org\/{rel}","templated":true}]}}